{"id":85088,"date":"2021-03-28T16:23:16","date_gmt":"2021-03-28T16:23:16","guid":{"rendered":"https:\/\/studiogiovannelli.it\/professionals\/avv-ilaria-castellani\/"},"modified":"2021-11-29T14:17:52","modified_gmt":"2021-11-29T14:17:52","slug":"att-ilaria-castellani","status":"publish","type":"page","link":"https:\/\/studiogiovannelli.it\/en\/professionals\/att-ilaria-castellani\/","title":{"rendered":"Att. Ilaria Castellani"},"content":{"rendered":"<p>[vc_row unlock_row_content=&#8221;yes&#8221; row_height_percent=&#8221;50&#8243; override_padding=&#8221;yes&#8221; h_padding=&#8221;0&#8243; top_padding=&#8221;0&#8243; bottom_padding=&#8221;0&#8243; overlay_alpha=&#8221;50&#8243; equal_height=&#8221;yes&#8221; gutter_size=&#8221;0&#8243; column_width_percent=&#8221;100&#8243; shift_y=&#8221;0&#8243; z_index=&#8221;0&#8243; inverted_device_order=&#8221;yes&#8221; el_class=&#8221;inverted-device-order&#8221;][vc_column column_width_percent=&#8221;100&#8243; gutter_size=&#8221;0&#8243; overlay_alpha=&#8221;50&#8243; shift_x=&#8221;0&#8243; shift_y=&#8221;0&#8243; z_index=&#8221;0&#8243; medium_width=&#8221;0&#8243; mobile_width=&#8221;0&#8243; width=&#8221;1\/2&#8243;][vc_row_inner row_inner_height_percent=&#8221;50&#8243; overlay_alpha=&#8221;50&#8243; equal_height=&#8221;yes&#8221; gutter_size=&#8221;0&#8243; shift_y=&#8221;0&#8243;][vc_column_inner column_width_percent=&#8221;70&#8243; position_horizontal=&#8221;right&#8221; gutter_size=&#8221;3&#8243; override_padding=&#8221;yes&#8221; column_padding=&#8221;4&#8243; style=&#8221;dark&#8221; back_color=&#8221;accent&#8221; overlay_color=&#8221;accent&#8221; overlay_alpha=&#8221;80&#8243; shift_x=&#8221;0&#8243; shift_y=&#8221;0&#8243; shift_y_down=&#8221;0&#8243; z_index=&#8221;0&#8243; medium_width=&#8221;0&#8243; mobile_width=&#8221;0&#8243; width=&#8221;1\/1&#8243; el_class=&#8221;text-white&#8221;][vc_empty_space empty_h=&#8221;0&#8243; mobile_visibility=&#8221;yes&#8221;][vc_custom_heading heading_semantic=&#8221;h1&#8243; text_size=&#8221;h1&#8243; subheading=&#8221;<em>Senior Partner<\/em>&#8221; uncode_shortcode_id=&#8221;275589&#8243;]Att. Ilaria Castellani<\/p>\n<div id=\"gtx-trans\" style=\"position: absolute; left: -91px; top: -12px;\">\n<div class=\"gtx-trans-icon\"><\/div>\n<\/div>\n<p>[\/vc_custom_heading][vc_column_text]<a href=\"mailto:ilaria.castellani@studiogiovannelli.it\"><strong>ilaria.castellani@studiogiovannelli.it<\/strong><\/a><\/p>\n<div id=\"gtx-trans\" style=\"position: absolute; left: 249px; top: 38.2031px;\">\n<div class=\"gtx-trans-icon\"><\/div>\n<\/div>\n<p>[\/vc_column_text][vc_empty_space empty_h=&#8221;2&#8243;][vc_separator sep_color=&#8221;color-lxmt&#8221; el_width=&#8221;100px&#8221;][vc_empty_space empty_h=&#8221;2&#8243;][vc_custom_heading text_color=&#8221;color-xsdn&#8221; text_size=&#8221;h4&#8243; uncode_shortcode_id=&#8221;414567&#8243; text_color_type=&#8221;uncode-palette&#8221;]Areas of expertise<\/p>\n<div id=\"gtx-trans\" style=\"position: absolute; left: 110px; top: 33px;\">\n<div class=\"gtx-trans-icon\"><\/div>\n<\/div>\n<p>[\/vc_custom_heading][vc_column_text el_class=&#8221;text-white&#8221; uncode_shortcode_id=&#8221;245136&#8243;]Civil Law<br \/>\nFamily and Succession Law<br \/>\nEcclesiastic Law[\/vc_column_text][vc_empty_space empty_h=&#8221;2&#8243;][vc_empty_space empty_h=&#8221;2&#8243;][vc_empty_space empty_h=&#8221;2&#8243;][\/vc_column_inner][\/vc_row_inner][\/vc_column][vc_column column_width_percent=&#8221;100&#8243; gutter_size=&#8221;3&#8243; override_padding=&#8221;yes&#8221; column_padding=&#8221;4&#8243; back_image=&#8221;83968&#8243; back_position=&#8221;center center&#8221; overlay_alpha=&#8221;50&#8243; shift_x=&#8221;0&#8243; shift_y=&#8221;0&#8243; shift_y_down=&#8221;0&#8243; z_index=&#8221;0&#8243; medium_width=&#8221;0&#8243; mobile_width=&#8221;0&#8243; width=&#8221;1\/2&#8243; mobile_height=&#8221;340&#8243;][\/vc_column][\/vc_row][vc_row row_height_percent=&#8221;0&#8243; override_padding=&#8221;yes&#8221; h_padding=&#8221;2&#8243; top_padding=&#8221;5&#8243; bottom_padding=&#8221;5&#8243; back_color=&#8221;color-lxmt&#8221; overlay_alpha=&#8221;50&#8243; gutter_size=&#8221;3&#8243; column_width_percent=&#8221;100&#8243; shift_y=&#8221;0&#8243; z_index=&#8221;0&#8243;][vc_column width=&#8221;1\/1&#8243;][vc_row_inner][vc_column_inner width=&#8221;1\/2&#8243;][vc_custom_heading text_color=&#8221;accent&#8221; heading_semantic=&#8221;h3&#8243; text_size=&#8221;h1&#8243; uncode_shortcode_id=&#8221;432261&#8243; text_color_type=&#8221;uncode-palette&#8221;]Profile[\/vc_custom_heading][\/vc_column_inner][vc_column_inner column_width_percent=&#8221;100&#8243; gutter_size=&#8221;3&#8243; overlay_alpha=&#8221;50&#8243; shift_x=&#8221;0&#8243; shift_y=&#8221;0&#8243; shift_y_down=&#8221;0&#8243; z_index=&#8221;0&#8243; medium_visibility=&#8221;yes&#8221; medium_width=&#8221;0&#8243; mobile_visibility=&#8221;yes&#8221; mobile_width=&#8221;0&#8243; width=&#8221;1\/2&#8243;][\/vc_column_inner][\/vc_row_inner][vc_row_inner row_inner_height_percent=&#8221;0&#8243; overlay_alpha=&#8221;50&#8243; gutter_size=&#8221;4&#8243; shift_y=&#8221;0&#8243; z_index=&#8221;0&#8243;][vc_column_inner width=&#8221;1\/2&#8243;][vc_column_text uncode_shortcode_id=&#8221;247066&#8243;]Graduated in 1993 with an interdisciplinary thesis in administrative law \/ civil procedure at the University of Florence, with full marks and honors. She has been enrolled in the Prato Bar since January 1997. She has been a partner of the Firm since 1998.[\/vc_column_text][\/vc_column_inner][vc_column_inner width=&#8221;1\/2&#8243;][vc_custom_heading text_size=&#8221;h4&#8243; subheading=&#8221;English&#8221; uncode_shortcode_id=&#8221;546033&#8243;]Languages[\/vc_custom_heading][\/vc_column_inner][\/vc_row_inner][\/vc_column][\/vc_row][vc_row row_height_percent=&#8221;0&#8243; override_padding=&#8221;yes&#8221; h_padding=&#8221;2&#8243; top_padding=&#8221;4&#8243; bottom_padding=&#8221;4&#8243; back_color=&#8221;color-xsdn&#8221; overlay_alpha=&#8221;50&#8243; gutter_size=&#8221;3&#8243; column_width_percent=&#8221;100&#8243; shift_y=&#8221;0&#8243; z_index=&#8221;0&#8243;][vc_column width=&#8221;1\/1&#8243;][vc_custom_heading text_color=&#8221;accent&#8221; heading_semantic=&#8221;h1&#8243; text_font=&#8221;font-182483&#8243; text_size=&#8221;h1&#8243; text_weight=&#8221;400&#8243; el_id=&#8221;attivit\u00e0-1&#8243;]Aree di attivit\u00e0[\/vc_custom_heading][vc_empty_space empty_h=&#8221;2&#8243; el_id=&#8221;attivit\u00e0-2&#8243;][vc_row_inner row_inner_height_percent=&#8221;0&#8243; overlay_alpha=&#8221;50&#8243; equal_height=&#8221;yes&#8221; gutter_size=&#8221;4&#8243; shift_y=&#8221;0&#8243; z_index=&#8221;0&#8243;][vc_column_inner width=&#8221;1\/3&#8243;][vc_custom_heading text_color=&#8221;accent&#8221; heading_semantic=&#8221;h3&#8243; text_font=&#8221;font-182483&#8243; text_size=&#8221;h3&#8243; text_weight=&#8221;400&#8243; sub_lead=&#8221;small&#8221; subheading=&#8221;con particolare riferimento a questioni riguardanti le societ\u00e0 di capitali (Spa e Srl) quali stesura di statuti e patti parasociali, introduzione o resistenza ad azioni di responsabilit\u00e0 degli organi sociali, liti tra soci e\/o tra questi e la societ\u00e0, operazioni straordinarie di acquisizione o cessione di aziende e\/o di partecipazioni societarie.&#8221;]Diritto commerciale e societario[\/vc_custom_heading][\/vc_column_inner][vc_column_inner width=&#8221;1\/3&#8243;][vc_custom_heading text_color=&#8221;accent&#8221; heading_semantic=&#8221;h3&#8243; text_font=&#8221;font-182483&#8243; text_size=&#8221;h3&#8243; sub_lead=&#8221;small&#8221; subheading=&#8221;con particolare riferimento alla stesura di condizioni generali di contratto per la vendita di beni e servizi, di contratti d&#8217;appalto, di compravendita di partecipazioni societarie, di franchsing, di agenzia.&#8221;]<span style=\"font-weight: 400;\">Diritto contrattuale<\/span>[\/vc_custom_heading][\/vc_column_inner][vc_column_inner width=&#8221;1\/3&#8243;][vc_custom_heading text_color=&#8221;accent&#8221; heading_semantic=&#8221;h3&#8243; text_font=&#8221;font-182483&#8243; text_size=&#8221;h3&#8243; text_weight=&#8221;400&#8243; sub_lead=&#8221;small&#8221; subheading=&#8221;con particolare riferimento alla stesura dei relativi contratti tra ente aggiudicatore e impresa appaltatrice, nonch\u00e9 all&#8217;eventuale contenzioso sorto nella fase esecutiva di tali contratti.&#8221;]Diritto degli appalti e dei servizi pubblici[\/vc_custom_heading][\/vc_column_inner][\/vc_row_inner][vc_empty_space empty_h=&#8221;2&#8243; mobile_visibility=&#8221;yes&#8221;][vc_row_inner row_inner_height_percent=&#8221;0&#8243; overlay_alpha=&#8221;50&#8243; equal_height=&#8221;yes&#8221; gutter_size=&#8221;4&#8243; shift_y=&#8221;0&#8243; z_index=&#8221;0&#8243;][vc_column_inner width=&#8221;1\/3&#8243;][vc_custom_heading text_color=&#8221;accent&#8221; heading_semantic=&#8221;h3&#8243; text_font=&#8221;font-182483&#8243; text_size=&#8221;h3&#8243; text_weight=&#8221;400&#8243; sub_lead=&#8221;small&#8221; subheading=&#8221;con particolare riferimento ai settori del gas, dell&#8217;energia elettrica, della produzione di energia da fonti rinnovabili, dei ri\ufb01uti. Assistenza di societ\u00e0 operanti nei suddetti settori sia nelle attivit\u00e0 ordinarie, che nei rapporti con le Autorit\u00e0 Indipendenti.&#8221;]Diritto dell&#8217;energia e dell\u2019ambiente[\/vc_custom_heading][\/vc_column_inner][vc_column_inner width=&#8221;1\/3&#8243;][vc_custom_heading text_color=&#8221;accent&#8221; heading_semantic=&#8221;h3&#8243; text_font=&#8221;font-182483&#8243; text_size=&#8221;h3&#8243; sub_lead=&#8221;small&#8221; subheading=&#8221;con particolare riferimento alla redazione di ricorsi per l&#8217;ammissione alla procedura di concordato preventivo e alla successiva assistenza nel corso della procedura, nonch\u00e9 di piani di risanamento e delle relative convenzioni.&#8221;]<span style=\"font-weight: 400;\">Diritto della crisi d&#8217;impresa<br \/>\n<\/span>[\/vc_custom_heading][\/vc_column_inner][vc_column_inner width=&#8221;1\/3&#8243;][\/vc_column_inner][\/vc_row_inner][vc_empty_space empty_h=&#8221;3&#8243;][\/vc_column][\/vc_row]<\/p>\n","protected":false},"excerpt":{"rendered":"<p>[vc_row unlock_row_content=&#8221;yes&#8221; row_height_percent=&#8221;50&#8243; override_padding=&#8221;yes&#8221; h_padding=&#8221;0&#8243; top_padding=&#8221;0&#8243; bottom_padding=&#8221;0&#8243; overlay_alpha=&#8221;50&#8243; equal_height=&#8221;yes&#8221; gutter_size=&#8221;0&#8243; column_width_percent=&#8221;100&#8243; shift_y=&#8221;0&#8243; z_index=&#8221;0&#8243; inverted_device_order=&#8221;yes&#8221; el_class=&#8221;inverted-device-order&#8221;][vc_column column_width_percent=&#8221;100&#8243; gutter_size=&#8221;0&#8243; overlay_alpha=&#8221;50&#8243; shift_x=&#8221;0&#8243; shift_y=&#8221;0&#8243; [&hellip;]<\/p>\n","protected":false},"author":1,"featured_media":84859,"parent":85017,"menu_order":0,"comment_status":"closed","ping_status":"closed","template":"","meta":[],"yoast_head":"<!-- This site is optimized with the Yoast SEO plugin v17.6 - https:\/\/yoast.com\/wordpress\/plugins\/seo\/ -->\n<title>Att. Ilaria Castellani - Giovannelli Masi Cecconi &amp; Associati<\/title>\n<meta name=\"description\" content=\"Avv. Ilaria Castellani, Senior Partner dello Studio Legale Giovannelli Masi Cecconi &amp; Associati | ilaria.castellani@studiogiovannelli.it\" \/>\n<meta name=\"robots\" content=\"index, follow, max-snippet:-1, max-image-preview:large, max-video-preview:-1\" \/>\n<link rel=\"canonical\" href=\"https:\/\/studiogiovannelli.it\/en\/professionals\/att-ilaria-castellani\/\" \/>\n<meta property=\"og:locale\" content=\"en_US\" \/>\n<meta property=\"og:type\" content=\"article\" \/>\n<meta property=\"og:title\" content=\"Att. Ilaria Castellani - Giovannelli Masi Cecconi &amp; Associati\" \/>\n<meta property=\"og:description\" content=\"Avv. Ilaria Castellani, Senior Partner dello Studio Legale Giovannelli Masi Cecconi &amp; Associati | ilaria.castellani@studiogiovannelli.it\" \/>\n<meta property=\"og:url\" content=\"https:\/\/studiogiovannelli.it\/en\/professionals\/att-ilaria-castellani\/\" \/>\n<meta property=\"og:site_name\" content=\"Giovannelli Masi Cecconi &amp; Associati\" \/>\n<meta property=\"article:modified_time\" content=\"2021-11-29T14:17:52+00:00\" \/>\n<meta property=\"og:image\" content=\"https:\/\/studiogiovannelli.it\/wp-content\/uploads\/2021\/03\/GM_professionista.jpg\" \/>\n\t<meta property=\"og:image:width\" content=\"851\" \/>\n\t<meta property=\"og:image:height\" content=\"1180\" \/>\n<meta name=\"twitter:card\" content=\"summary_large_image\" \/>\n<meta name=\"twitter:label1\" content=\"Est. reading time\" \/>\n\t<meta name=\"twitter:data1\" content=\"3 minutes\" \/>\n<script type=\"application\/ld+json\" class=\"yoast-schema-graph\">{\"@context\":\"https:\/\/schema.org\",\"@graph\":[{\"@type\":\"Organization\",\"@id\":\"https:\/\/studiogiovannelli.it\/#organization\",\"name\":\"Giovannelli Masi Cecconi & Associati. Studio Legale.\",\"url\":\"https:\/\/studiogiovannelli.it\/\",\"sameAs\":[],\"logo\":{\"@type\":\"ImageObject\",\"@id\":\"https:\/\/studiogiovannelli.it\/#logo\",\"inLanguage\":\"en-US\",\"url\":\"https:\/\/studiogiovannelli.it\/wp-content\/uploads\/2021\/03\/Logo_GMC-A.svg\",\"contentUrl\":\"https:\/\/studiogiovannelli.it\/wp-content\/uploads\/2021\/03\/Logo_GMC-A.svg\",\"caption\":\"Giovannelli Masi Cecconi & Associati. Studio Legale.\"},\"image\":{\"@id\":\"https:\/\/studiogiovannelli.it\/#logo\"}},{\"@type\":\"WebSite\",\"@id\":\"https:\/\/studiogiovannelli.it\/#website\",\"url\":\"https:\/\/studiogiovannelli.it\/\",\"name\":\"Giovannelli Masi Cecconi &amp; Associati\",\"description\":\"Studio Legale\",\"publisher\":{\"@id\":\"https:\/\/studiogiovannelli.it\/#organization\"},\"potentialAction\":[{\"@type\":\"SearchAction\",\"target\":{\"@type\":\"EntryPoint\",\"urlTemplate\":\"https:\/\/studiogiovannelli.it\/?s={search_term_string}\"},\"query-input\":\"required name=search_term_string\"}],\"inLanguage\":\"en-US\"},{\"@type\":\"ImageObject\",\"@id\":\"https:\/\/studiogiovannelli.it\/en\/professionals\/att-ilaria-castellani\/#primaryimage\",\"inLanguage\":\"en-US\",\"url\":\"https:\/\/studiogiovannelli.it\/wp-content\/uploads\/2021\/03\/GM_professionista.jpg\",\"contentUrl\":\"https:\/\/studiogiovannelli.it\/wp-content\/uploads\/2021\/03\/GM_professionista.jpg\",\"width\":851,\"height\":1180,\"caption\":\"Senior Partner\"},{\"@type\":\"WebPage\",\"@id\":\"https:\/\/studiogiovannelli.it\/en\/professionals\/att-ilaria-castellani\/#webpage\",\"url\":\"https:\/\/studiogiovannelli.it\/en\/professionals\/att-ilaria-castellani\/\",\"name\":\"Att. Ilaria Castellani - Giovannelli Masi Cecconi &amp; Associati\",\"isPartOf\":{\"@id\":\"https:\/\/studiogiovannelli.it\/#website\"},\"primaryImageOfPage\":{\"@id\":\"https:\/\/studiogiovannelli.it\/en\/professionals\/att-ilaria-castellani\/#primaryimage\"},\"datePublished\":\"2021-03-28T16:23:16+00:00\",\"dateModified\":\"2021-11-29T14:17:52+00:00\",\"description\":\"Avv. Ilaria Castellani, Senior Partner dello Studio Legale Giovannelli Masi Cecconi & Associati | ilaria.castellani@studiogiovannelli.it\",\"breadcrumb\":{\"@id\":\"https:\/\/studiogiovannelli.it\/en\/professionals\/att-ilaria-castellani\/#breadcrumb\"},\"inLanguage\":\"en-US\",\"potentialAction\":[{\"@type\":\"ReadAction\",\"target\":[\"https:\/\/studiogiovannelli.it\/en\/professionals\/att-ilaria-castellani\/\"]}]},{\"@type\":\"BreadcrumbList\",\"@id\":\"https:\/\/studiogiovannelli.it\/en\/professionals\/att-ilaria-castellani\/#breadcrumb\",\"itemListElement\":[{\"@type\":\"ListItem\",\"position\":1,\"name\":\"Home\",\"item\":\"https:\/\/studiogiovannelli.it\/en\/\"},{\"@type\":\"ListItem\",\"position\":2,\"name\":\"Professionals\",\"item\":\"https:\/\/studiogiovannelli.it\/en\/professionals\/\"},{\"@type\":\"ListItem\",\"position\":3,\"name\":\"Att. Ilaria Castellani\"}]}]}<\/script>\n<!-- \/ Yoast SEO plugin. -->","yoast_head_json":{"title":"Att. Ilaria Castellani - Giovannelli Masi Cecconi &amp; Associati","description":"Avv. Ilaria Castellani, Senior Partner dello Studio Legale Giovannelli Masi Cecconi & Associati | ilaria.castellani@studiogiovannelli.it","robots":{"index":"index","follow":"follow","max-snippet":"max-snippet:-1","max-image-preview":"max-image-preview:large","max-video-preview":"max-video-preview:-1"},"canonical":"https:\/\/studiogiovannelli.it\/en\/professionals\/att-ilaria-castellani\/","og_locale":"en_US","og_type":"article","og_title":"Att. Ilaria Castellani - Giovannelli Masi Cecconi &amp; Associati","og_description":"Avv. Ilaria Castellani, Senior Partner dello Studio Legale Giovannelli Masi Cecconi & Associati | ilaria.castellani@studiogiovannelli.it","og_url":"https:\/\/studiogiovannelli.it\/en\/professionals\/att-ilaria-castellani\/","og_site_name":"Giovannelli Masi Cecconi &amp; Associati","article_modified_time":"2021-11-29T14:17:52+00:00","og_image":[{"width":851,"height":1180,"url":"https:\/\/studiogiovannelli.it\/wp-content\/uploads\/2021\/03\/GM_professionista.jpg","type":"image\/jpeg"}],"twitter_card":"summary_large_image","twitter_misc":{"Est. reading time":"3 minutes"},"schema":{"@context":"https:\/\/schema.org","@graph":[{"@type":"Organization","@id":"https:\/\/studiogiovannelli.it\/#organization","name":"Giovannelli Masi Cecconi & Associati. Studio Legale.","url":"https:\/\/studiogiovannelli.it\/","sameAs":[],"logo":{"@type":"ImageObject","@id":"https:\/\/studiogiovannelli.it\/#logo","inLanguage":"en-US","url":"https:\/\/studiogiovannelli.it\/wp-content\/uploads\/2021\/03\/Logo_GMC-A.svg","contentUrl":"https:\/\/studiogiovannelli.it\/wp-content\/uploads\/2021\/03\/Logo_GMC-A.svg","caption":"Giovannelli Masi Cecconi & Associati. Studio Legale."},"image":{"@id":"https:\/\/studiogiovannelli.it\/#logo"}},{"@type":"WebSite","@id":"https:\/\/studiogiovannelli.it\/#website","url":"https:\/\/studiogiovannelli.it\/","name":"Giovannelli Masi Cecconi &amp; Associati","description":"Studio Legale","publisher":{"@id":"https:\/\/studiogiovannelli.it\/#organization"},"potentialAction":[{"@type":"SearchAction","target":{"@type":"EntryPoint","urlTemplate":"https:\/\/studiogiovannelli.it\/?s={search_term_string}"},"query-input":"required name=search_term_string"}],"inLanguage":"en-US"},{"@type":"ImageObject","@id":"https:\/\/studiogiovannelli.it\/en\/professionals\/att-ilaria-castellani\/#primaryimage","inLanguage":"en-US","url":"https:\/\/studiogiovannelli.it\/wp-content\/uploads\/2021\/03\/GM_professionista.jpg","contentUrl":"https:\/\/studiogiovannelli.it\/wp-content\/uploads\/2021\/03\/GM_professionista.jpg","width":851,"height":1180,"caption":"Senior Partner"},{"@type":"WebPage","@id":"https:\/\/studiogiovannelli.it\/en\/professionals\/att-ilaria-castellani\/#webpage","url":"https:\/\/studiogiovannelli.it\/en\/professionals\/att-ilaria-castellani\/","name":"Att. Ilaria Castellani - Giovannelli Masi Cecconi &amp; Associati","isPartOf":{"@id":"https:\/\/studiogiovannelli.it\/#website"},"primaryImageOfPage":{"@id":"https:\/\/studiogiovannelli.it\/en\/professionals\/att-ilaria-castellani\/#primaryimage"},"datePublished":"2021-03-28T16:23:16+00:00","dateModified":"2021-11-29T14:17:52+00:00","description":"Avv. Ilaria Castellani, Senior Partner dello Studio Legale Giovannelli Masi Cecconi & Associati | ilaria.castellani@studiogiovannelli.it","breadcrumb":{"@id":"https:\/\/studiogiovannelli.it\/en\/professionals\/att-ilaria-castellani\/#breadcrumb"},"inLanguage":"en-US","potentialAction":[{"@type":"ReadAction","target":["https:\/\/studiogiovannelli.it\/en\/professionals\/att-ilaria-castellani\/"]}]},{"@type":"BreadcrumbList","@id":"https:\/\/studiogiovannelli.it\/en\/professionals\/att-ilaria-castellani\/#breadcrumb","itemListElement":[{"@type":"ListItem","position":1,"name":"Home","item":"https:\/\/studiogiovannelli.it\/en\/"},{"@type":"ListItem","position":2,"name":"Professionals","item":"https:\/\/studiogiovannelli.it\/en\/professionals\/"},{"@type":"ListItem","position":3,"name":"Att. Ilaria Castellani"}]}]}},"_links":{"self":[{"href":"https:\/\/studiogiovannelli.it\/en\/wp-json\/wp\/v2\/pages\/85088"}],"collection":[{"href":"https:\/\/studiogiovannelli.it\/en\/wp-json\/wp\/v2\/pages"}],"about":[{"href":"https:\/\/studiogiovannelli.it\/en\/wp-json\/wp\/v2\/types\/page"}],"author":[{"embeddable":true,"href":"https:\/\/studiogiovannelli.it\/en\/wp-json\/wp\/v2\/users\/1"}],"replies":[{"embeddable":true,"href":"https:\/\/studiogiovannelli.it\/en\/wp-json\/wp\/v2\/comments?post=85088"}],"version-history":[{"count":2,"href":"https:\/\/studiogiovannelli.it\/en\/wp-json\/wp\/v2\/pages\/85088\/revisions"}],"predecessor-version":[{"id":85090,"href":"https:\/\/studiogiovannelli.it\/en\/wp-json\/wp\/v2\/pages\/85088\/revisions\/85090"}],"up":[{"embeddable":true,"href":"https:\/\/studiogiovannelli.it\/en\/wp-json\/wp\/v2\/pages\/85017"}],"wp:featuredmedia":[{"embeddable":true,"href":"https:\/\/studiogiovannelli.it\/en\/wp-json\/wp\/v2\/media\/84859"}],"wp:attachment":[{"href":"https:\/\/studiogiovannelli.it\/en\/wp-json\/wp\/v2\/media?parent=85088"}],"curies":[{"name":"wp","href":"https:\/\/api.w.org\/{rel}","templated":true}]}}